{"id":317,"date":"2021-08-18T07:32:05","date_gmt":"2021-08-18T10:32:05","guid":{"rendered":"https:\/\/redemardecanasvieiras.qrhotel.com.br\/?page_id=317"},"modified":"2025-01-13T15:49:45","modified_gmt":"2025-01-13T18:49:45","slug":"viagens-2","status":"publish","type":"page","link":"https:\/\/redemardecanasvieiras.qrhotel.com.br\/index.php\/viagens-2\/","title":{"rendered":"Ag\u00eancia de Turismo"},"content":{"rendered":"\t\t<div data-elementor-type=\"wp-post\" data-elementor-id=\"317\" class=\"elementor elementor-317\" data-elementor-settings=\"[]\">\n\t\t\t\t\t\t<div class=\"elementor-inner\">\n\t\t\t\t\t\t\t<div class=\"elementor-section-wrap\">\n\t\t\t\t\t\t\t<section class=\"elementor-section elementor-top-section elementor-element elementor-element-8d76e6b elementor-section-boxed elementor-section-height-default elementor-section-height-default\" data-id=\"8d76e6b\" data-element_type=\"section\" data-settings=\"{&quot;background_background&quot;:&quot;classic&quot;}\">\n\t\t\t\t\t\t<div class=\"elementor-container elementor-column-gap-default\">\n\t\t\t\t\t\t\t<div class=\"elementor-row\">\n\t\t\t\t\t<div class=\"elementor-column elementor-col-33 elementor-top-column elementor-element elementor-element-384c200\" data-id=\"384c200\" data-element_type=\"column\">\n\t\t\t<div class=\"elementor-column-wrap\">\n\t\t\t\t\t\t\t<div class=\"elementor-widget-wrap\">\n\t\t\t\t\t\t\t\t<\/div>\n\t\t\t\t\t<\/div>\n\t\t<\/div>\n\t\t\t\t<div class=\"elementor-column elementor-col-33 elementor-top-column elementor-element elementor-element-9741b64\" data-id=\"9741b64\" data-element_type=\"column\">\n\t\t\t<div class=\"elementor-column-wrap elementor-element-populated\">\n\t\t\t\t\t\t\t<div class=\"elementor-widget-wrap\">\n\t\t\t\t\t\t<div class=\"elementor-element elementor-element-d4a3aaf elementor-widget elementor-widget-spacer\" data-id=\"d4a3aaf\" data-element_type=\"widget\" data-widget_type=\"spacer.default\">\n\t\t\t\t<div class=\"elementor-widget-container\">\n\t\t\t\t\t<div class=\"elementor-spacer\">\n\t\t\t<div class=\"elementor-spacer-inner\"><\/div>\n\t\t<\/div>\n\t\t\t\t<\/div>\n\t\t\t\t<\/div>\n\t\t\t\t<div class=\"elementor-element elementor-element-181b94b elementor-widget elementor-widget-image\" data-id=\"181b94b\" data-element_type=\"widget\" data-widget_type=\"image.default\">\n\t\t\t\t<div class=\"elementor-widget-container\">\n\t\t\t\t\t<div class=\"elementor-image\">\n\t\t\t\t\t\t\t\t\t\t<img width=\"750\" height=\"384\" src=\"https:\/\/redemardecanasvieiras.qrhotel.com.br\/wp-content\/uploads\/2021\/08\/logo-rede-mar-branca-768x393.png\" class=\"attachment-medium_large size-medium_large\" alt=\"\" loading=\"lazy\" srcset=\"https:\/\/redemardecanasvieiras.qrhotel.com.br\/wp-content\/uploads\/2021\/08\/logo-rede-mar-branca-768x393.png 768w, https:\/\/redemardecanasvieiras.qrhotel.com.br\/wp-content\/uploads\/2021\/08\/logo-rede-mar-branca-300x153.png 300w, https:\/\/redemardecanasvieiras.qrhotel.com.br\/wp-content\/uploads\/2021\/08\/logo-rede-mar-branca-1024x523.png 1024w, https:\/\/redemardecanasvieiras.qrhotel.com.br\/wp-content\/uploads\/2021\/08\/logo-rede-mar-branca-1536x785.png 1536w, https:\/\/redemardecanasvieiras.qrhotel.com.br\/wp-content\/uploads\/2021\/08\/logo-rede-mar-branca.png 1569w\" sizes=\"(max-width: 750px) 100vw, 750px\" style=\"width:100%;height:51.12%;max-width:1569px;\" \/>\t\t\t\t\t\t\t\t\t\t\t<\/div>\n\t\t\t\t<\/div>\n\t\t\t\t<\/div>\n\t\t\t\t<div class=\"elementor-element elementor-element-b5df6ef elementor-widget elementor-widget-spacer\" data-id=\"b5df6ef\" data-element_type=\"widget\" data-widget_type=\"spacer.default\">\n\t\t\t\t<div class=\"elementor-widget-container\">\n\t\t\t\t\t<div class=\"elementor-spacer\">\n\t\t\t<div class=\"elementor-spacer-inner\"><\/div>\n\t\t<\/div>\n\t\t\t\t<\/div>\n\t\t\t\t<\/div>\n\t\t\t\t\t\t<\/div>\n\t\t\t\t\t<\/div>\n\t\t<\/div>\n\t\t\t\t<div class=\"elementor-column elementor-col-33 elementor-top-column elementor-element elementor-element-d0607cf\" data-id=\"d0607cf\" data-element_type=\"column\">\n\t\t\t<div class=\"elementor-column-wrap\">\n\t\t\t\t\t\t\t<div class=\"elementor-widget-wrap\">\n\t\t\t\t\t\t\t\t<\/div>\n\t\t\t\t\t<\/div>\n\t\t<\/div>\n\t\t\t\t\t\t\t\t<\/div>\n\t\t\t\t\t<\/div>\n\t\t<\/section>\n\t\t\t\t<section class=\"elementor-section elementor-top-section elementor-element elementor-element-6fa874b elementor-section-boxed elementor-section-height-default elementor-section-height-default\" data-id=\"6fa874b\" data-element_type=\"section\" data-settings=\"{&quot;background_background&quot;:&quot;classic&quot;}\">\n\t\t\t\t\t\t<div class=\"elementor-container elementor-column-gap-default\">\n\t\t\t\t\t\t\t<div class=\"elementor-row\">\n\t\t\t\t\t<div class=\"elementor-column elementor-col-100 elementor-top-column elementor-element elementor-element-20ae37e\" data-id=\"20ae37e\" data-element_type=\"column\" data-settings=\"{&quot;background_background&quot;:&quot;classic&quot;}\">\n\t\t\t<div class=\"elementor-column-wrap elementor-element-populated\">\n\t\t\t\t\t\t\t<div class=\"elementor-widget-wrap\">\n\t\t\t\t\t\t<div class=\"elementor-element elementor-element-c9a3350 elementor-widget elementor-widget-menu-anchor\" data-id=\"c9a3350\" data-element_type=\"widget\" data-widget_type=\"menu-anchor.default\">\n\t\t\t\t<div class=\"elementor-widget-container\">\n\t\t\t\t\t<div id=\"viagens\" class=\"elementor-menu-anchor\"><\/div>\n\t\t\t\t<\/div>\n\t\t\t\t<\/div>\n\t\t\t\t<div class=\"elementor-element elementor-element-1d499de elementor-widget-divider--view-line elementor-widget elementor-widget-divider\" data-id=\"1d499de\" data-element_type=\"widget\" data-widget_type=\"divider.default\">\n\t\t\t\t<div class=\"elementor-widget-container\">\n\t\t\t\t\t<div class=\"elementor-divider\">\n\t\t\t<span class=\"elementor-divider-separator\">\n\t\t\t\t\t\t<\/span>\n\t\t<\/div>\n\t\t\t\t<\/div>\n\t\t\t\t<\/div>\n\t\t\t\t<div class=\"elementor-element elementor-element-11435b8 elementor-align-left elementor-widget elementor-widget-button\" data-id=\"11435b8\" data-element_type=\"widget\" data-widget_type=\"button.default\">\n\t\t\t\t<div class=\"elementor-widget-container\">\n\t\t\t\t\t<div class=\"elementor-button-wrapper\">\n\t\t\t<a href=\"https:\/\/redemardecanasvieiras.qrhotel.com.br\/\" class=\"elementor-button-link elementor-button elementor-size-sm\" role=\"button\">\n\t\t\t\t\t\t<span class=\"elementor-button-content-wrapper\">\n\t\t\t\t\t\t<span class=\"elementor-button-text\">Voltar para a p\u00e1gina anterior<\/span>\n\t\t<\/span>\n\t\t\t\t\t<\/a>\n\t\t<\/div>\n\t\t\t\t<\/div>\n\t\t\t\t<\/div>\n\t\t\t\t<div class=\"elementor-element elementor-element-892b6eb elementor-widget elementor-widget-heading\" data-id=\"892b6eb\" data-element_type=\"widget\" data-widget_type=\"heading.default\">\n\t\t\t\t<div class=\"elementor-widget-container\">\n\t\t\t<h3 class=\"elementor-heading-title elementor-size-default\"><span style=\"font-weight: 400;\">Turismo - Ag\u00eancia Parceira<\/span><\/h3>\t\t<\/div>\n\t\t\t\t<\/div>\n\t\t\t\t<div class=\"elementor-element elementor-element-12ad830 elementor-widget elementor-widget-text-editor\" data-id=\"12ad830\" data-element_type=\"widget\" data-widget_type=\"text-editor.default\">\n\t\t\t\t<div class=\"elementor-widget-container\">\n\t\t\t\t\t<div class=\"elementor-text-editor elementor-clearfix\"><div title=\"P\u00e1gina 5\"><div title=\"P\u00e1gina 6\"><div title=\"P\u00e1gina 8\"><div title=\"P\u00e1gina 9\"><div><div><p><b><span style=\"vertical-align: inherit;\"><span style=\"vertical-align: inherit;\"><span style=\"vertical-align: inherit;\"><span style=\"vertical-align: inherit;\"><span style=\"vertical-align: inherit;\"><span style=\"vertical-align: inherit;\">Top Turismo:<\/span><\/span><\/span><\/span><\/span><\/span><\/b><\/p><p><span style=\"vertical-align: inherit;\"><span style=\"vertical-align: inherit;\"><span style=\"vertical-align: inherit;\"><span style=\"vertical-align: inherit;\"><span style=\"vertical-align: inherit;\"><span style=\"vertical-align: inherit;\">Translados, passeios e excurs\u00f5es.<\/span><\/span><\/span><\/span><\/span><\/span><\/p><p><span style=\"vertical-align: inherit;\"><span style=\"vertical-align: inherit;\"><span style=\"vertical-align: inherit;\"><span style=\"vertical-align: inherit;\"><span style=\"vertical-align: inherit;\"><span style=\"vertical-align: inherit;\">Contato: +55 (48) 99605-1856 @topturismosc<\/span><\/span><\/span><\/span><\/span><\/span><\/p><p><span style=\"text-decoration: underline;\"><span style=\"color: #0000ff;\"><a style=\"color: #0000ff;\" href=\"https:\/\/linktr.ee\/top.turismo\"><span style=\"vertical-align: inherit;\"><span style=\"vertical-align: inherit;\">https:\/\/linktr.ee\/top.turismo<\/span><\/span><\/a><\/span><\/span><\/p><p><span style=\"vertical-align: inherit;\"><span style=\"vertical-align: inherit;\"><span style=\"vertical-align: inherit;\"><span style=\"vertical-align: inherit;\"><span style=\"vertical-align: inherit;\"><span style=\"vertical-align: inherit;\">*os valores dos passeios devem ser consultados\u00a0<\/span><\/span><\/span><\/span><\/span><\/span><\/p><\/div><\/div><\/div><\/div><\/div><\/div><\/div>\n\t\t\t\t<\/div>\n\t\t\t\t<\/div>\n\t\t\t\t<div class=\"elementor-element elementor-element-007f048 elementor-widget elementor-widget-spacer\" data-id=\"007f048\" data-element_type=\"widget\" data-widget_type=\"spacer.default\">\n\t\t\t\t<div class=\"elementor-widget-container\">\n\t\t\t\t\t<div class=\"elementor-spacer\">\n\t\t\t<div class=\"elementor-spacer-inner\"><\/div>\n\t\t<\/div>\n\t\t\t\t<\/div>\n\t\t\t\t<\/div>\n\t\t\t\t\t\t<\/div>\n\t\t\t\t\t<\/div>\n\t\t<\/div>\n\t\t\t\t\t\t\t\t<\/div>\n\t\t\t\t\t<\/div>\n\t\t<\/section>\n\t\t\t\t\t\t<\/div>\n\t\t\t\t\t\t<\/div>\n\t\t\t\t\t<\/div>\n\t\t","protected":false},"excerpt":{"rendered":"<p>Voltar para a p\u00e1gina anterior Turismo &#8211; Ag\u00eancia Parceira Top Turismo: Translados, passeios e excurs\u00f5es. Contato: +55 (48) 99605-1856 @topturismosc https:\/\/linktr.ee\/top.turismo *os valores dos passeios devem ser consultados\u00a0<\/p>\n","protected":false},"author":1,"featured_media":0,"parent":0,"menu_order":0,"comment_status":"closed","ping_status":"closed","template":"elementor_canvas","meta":[],"_links":{"self":[{"href":"https:\/\/redemardecanasvieiras.qrhotel.com.br\/index.php\/wp-json\/wp\/v2\/pages\/317"}],"collection":[{"href":"https:\/\/redemardecanasvieiras.qrhotel.com.br\/index.php\/wp-json\/wp\/v2\/pages"}],"about":[{"href":"https:\/\/redemardecanasvieiras.qrhotel.com.br\/index.php\/wp-json\/wp\/v2\/types\/page"}],"author":[{"embeddable":true,"href":"https:\/\/redemardecanasvieiras.qrhotel.com.br\/index.php\/wp-json\/wp\/v2\/users\/1"}],"replies":[{"embeddable":true,"href":"https:\/\/redemardecanasvieiras.qrhotel.com.br\/index.php\/wp-json\/wp\/v2\/comments?post=317"}],"version-history":[{"count":13,"href":"https:\/\/redemardecanasvieiras.qrhotel.com.br\/index.php\/wp-json\/wp\/v2\/pages\/317\/revisions"}],"predecessor-version":[{"id":522,"href":"https:\/\/redemardecanasvieiras.qrhotel.com.br\/index.php\/wp-json\/wp\/v2\/pages\/317\/revisions\/522"}],"wp:attachment":[{"href":"https:\/\/redemardecanasvieiras.qrhotel.com.br\/index.php\/wp-json\/wp\/v2\/media?parent=317"}],"curies":[{"name":"wp","href":"https:\/\/api.w.org\/{rel}","templated":true}]}}