{"id":299,"date":"2021-08-17T21:11:11","date_gmt":"2021-08-18T00:11:11","guid":{"rendered":"https:\/\/redemardecanasvieiras.qrhotel.com.br\/?page_id=299"},"modified":"2024-01-23T14:30:07","modified_gmt":"2024-01-23T17:30:07","slug":"mdc-2","status":"publish","type":"page","link":"https:\/\/redemardecanasvieiras.qrhotel.com.br\/index.php\/mdc-2\/","title":{"rendered":"HCI"},"content":{"rendered":"\t\t<div data-elementor-type=\"wp-post\" data-elementor-id=\"299\" class=\"elementor elementor-299\" data-elementor-settings=\"[]\">\n\t\t\t\t\t\t<div class=\"elementor-inner\">\n\t\t\t\t\t\t\t<div class=\"elementor-section-wrap\">\n\t\t\t\t\t\t\t<section class=\"elementor-section elementor-top-section elementor-element elementor-element-8d76e6b elementor-section-boxed elementor-section-height-default elementor-section-height-default\" data-id=\"8d76e6b\" data-element_type=\"section\" data-settings=\"{&quot;background_background&quot;:&quot;classic&quot;}\">\n\t\t\t\t\t\t<div class=\"elementor-container elementor-column-gap-default\">\n\t\t\t\t\t\t\t<div class=\"elementor-row\">\n\t\t\t\t\t<div class=\"elementor-column elementor-col-33 elementor-top-column elementor-element elementor-element-384c200\" data-id=\"384c200\" data-element_type=\"column\">\n\t\t\t<div class=\"elementor-column-wrap elementor-element-populated\">\n\t\t\t\t\t\t\t<div class=\"elementor-widget-wrap\">\n\t\t\t\t\t\t<div class=\"elementor-element elementor-element-0bc4cde elementor-align-left elementor-widget elementor-widget-button\" data-id=\"0bc4cde\" data-element_type=\"widget\" data-widget_type=\"button.default\">\n\t\t\t\t<div class=\"elementor-widget-container\">\n\t\t\t\t\t<div class=\"elementor-button-wrapper\">\n\t\t\t<a href=\"https:\/\/redemardecanasvieiras.qrhotel.com.br\/\" class=\"elementor-button-link elementor-button elementor-size-sm\" role=\"button\">\n\t\t\t\t\t\t<span class=\"elementor-button-content-wrapper\">\n\t\t\t\t\t\t<span class=\"elementor-button-text\">Voltar para a p\u00e1gina anterior<\/span>\n\t\t<\/span>\n\t\t\t\t\t<\/a>\n\t\t<\/div>\n\t\t\t\t<\/div>\n\t\t\t\t<\/div>\n\t\t\t\t\t\t<\/div>\n\t\t\t\t\t<\/div>\n\t\t<\/div>\n\t\t\t\t<div class=\"elementor-column elementor-col-33 elementor-top-column elementor-element elementor-element-9741b64\" data-id=\"9741b64\" data-element_type=\"column\">\n\t\t\t<div class=\"elementor-column-wrap elementor-element-populated\">\n\t\t\t\t\t\t\t<div class=\"elementor-widget-wrap\">\n\t\t\t\t\t\t<div class=\"elementor-element elementor-element-d4a3aaf elementor-widget elementor-widget-spacer\" data-id=\"d4a3aaf\" data-element_type=\"widget\" data-widget_type=\"spacer.default\">\n\t\t\t\t<div class=\"elementor-widget-container\">\n\t\t\t\t\t<div class=\"elementor-spacer\">\n\t\t\t<div class=\"elementor-spacer-inner\"><\/div>\n\t\t<\/div>\n\t\t\t\t<\/div>\n\t\t\t\t<\/div>\n\t\t\t\t<div class=\"elementor-element elementor-element-181b94b elementor-widget elementor-widget-image\" data-id=\"181b94b\" data-element_type=\"widget\" data-widget_type=\"image.default\">\n\t\t\t\t<div class=\"elementor-widget-container\">\n\t\t\t\t\t<div class=\"elementor-image\">\n\t\t\t\t\t\t\t\t\t\t<img width=\"750\" height=\"384\" src=\"https:\/\/redemardecanasvieiras.qrhotel.com.br\/wp-content\/uploads\/2021\/08\/logo-rede-mar-branca-768x393.png\" class=\"attachment-medium_large size-medium_large\" alt=\"\" loading=\"lazy\" srcset=\"https:\/\/redemardecanasvieiras.qrhotel.com.br\/wp-content\/uploads\/2021\/08\/logo-rede-mar-branca-768x393.png 768w, https:\/\/redemardecanasvieiras.qrhotel.com.br\/wp-content\/uploads\/2021\/08\/logo-rede-mar-branca-300x153.png 300w, https:\/\/redemardecanasvieiras.qrhotel.com.br\/wp-content\/uploads\/2021\/08\/logo-rede-mar-branca-1024x523.png 1024w, https:\/\/redemardecanasvieiras.qrhotel.com.br\/wp-content\/uploads\/2021\/08\/logo-rede-mar-branca-1536x785.png 1536w, https:\/\/redemardecanasvieiras.qrhotel.com.br\/wp-content\/uploads\/2021\/08\/logo-rede-mar-branca.png 1569w\" sizes=\"(max-width: 750px) 100vw, 750px\" style=\"width:100%;height:51.12%;max-width:1569px;\" \/>\t\t\t\t\t\t\t\t\t\t\t<\/div>\n\t\t\t\t<\/div>\n\t\t\t\t<\/div>\n\t\t\t\t<div class=\"elementor-element elementor-element-b5df6ef elementor-widget elementor-widget-spacer\" data-id=\"b5df6ef\" data-element_type=\"widget\" data-widget_type=\"spacer.default\">\n\t\t\t\t<div class=\"elementor-widget-container\">\n\t\t\t\t\t<div class=\"elementor-spacer\">\n\t\t\t<div class=\"elementor-spacer-inner\"><\/div>\n\t\t<\/div>\n\t\t\t\t<\/div>\n\t\t\t\t<\/div>\n\t\t\t\t\t\t<\/div>\n\t\t\t\t\t<\/div>\n\t\t<\/div>\n\t\t\t\t<div class=\"elementor-column elementor-col-33 elementor-top-column elementor-element elementor-element-d0607cf\" data-id=\"d0607cf\" data-element_type=\"column\">\n\t\t\t<div class=\"elementor-column-wrap\">\n\t\t\t\t\t\t\t<div class=\"elementor-widget-wrap\">\n\t\t\t\t\t\t\t\t<\/div>\n\t\t\t\t\t<\/div>\n\t\t<\/div>\n\t\t\t\t\t\t\t\t<\/div>\n\t\t\t\t\t<\/div>\n\t\t<\/section>\n\t\t\t\t<section class=\"elementor-section elementor-top-section elementor-element elementor-element-94ea5c0 elementor-section-boxed elementor-section-height-default elementor-section-height-default\" data-id=\"94ea5c0\" data-element_type=\"section\" data-settings=\"{&quot;background_background&quot;:&quot;classic&quot;}\">\n\t\t\t\t\t\t<div class=\"elementor-container elementor-column-gap-default\">\n\t\t\t\t\t\t\t<div class=\"elementor-row\">\n\t\t\t\t\t<div class=\"elementor-column elementor-col-100 elementor-top-column elementor-element elementor-element-85c92e2\" data-id=\"85c92e2\" data-element_type=\"column\" data-settings=\"{&quot;background_background&quot;:&quot;classic&quot;}\">\n\t\t\t<div class=\"elementor-column-wrap elementor-element-populated\">\n\t\t\t\t\t\t\t<div class=\"elementor-widget-wrap\">\n\t\t\t\t\t\t<div class=\"elementor-element elementor-element-190e001 elementor-widget elementor-widget-menu-anchor\" data-id=\"190e001\" data-element_type=\"widget\" data-widget_type=\"menu-anchor.default\">\n\t\t\t\t<div class=\"elementor-widget-container\">\n\t\t\t\t\t<div id=\"hci\" class=\"elementor-menu-anchor\"><\/div>\n\t\t\t\t<\/div>\n\t\t\t\t<\/div>\n\t\t\t\t<div class=\"elementor-element elementor-element-23804d7 elementor-widget-divider--view-line elementor-widget elementor-widget-divider\" data-id=\"23804d7\" data-element_type=\"widget\" data-widget_type=\"divider.default\">\n\t\t\t\t<div class=\"elementor-widget-container\">\n\t\t\t\t\t<div class=\"elementor-divider\">\n\t\t\t<span class=\"elementor-divider-separator\">\n\t\t\t\t\t\t<\/span>\n\t\t<\/div>\n\t\t\t\t<\/div>\n\t\t\t\t<\/div>\n\t\t\t\t<section class=\"elementor-section elementor-inner-section elementor-element elementor-element-0912466 elementor-section-boxed elementor-section-height-default elementor-section-height-default\" data-id=\"0912466\" data-element_type=\"section\">\n\t\t\t\t\t\t<div class=\"elementor-container elementor-column-gap-default\">\n\t\t\t\t\t\t\t<div class=\"elementor-row\">\n\t\t\t\t\t<div class=\"elementor-column elementor-col-33 elementor-inner-column elementor-element elementor-element-8d94f94\" data-id=\"8d94f94\" data-element_type=\"column\">\n\t\t\t<div class=\"elementor-column-wrap\">\n\t\t\t\t\t\t\t<div class=\"elementor-widget-wrap\">\n\t\t\t\t\t\t\t\t<\/div>\n\t\t\t\t\t<\/div>\n\t\t<\/div>\n\t\t\t\t<div class=\"elementor-column elementor-col-33 elementor-inner-column elementor-element elementor-element-3c54417\" data-id=\"3c54417\" data-element_type=\"column\">\n\t\t\t<div class=\"elementor-column-wrap elementor-element-populated\">\n\t\t\t\t\t\t\t<div class=\"elementor-widget-wrap\">\n\t\t\t\t\t\t<div class=\"elementor-element elementor-element-453807e elementor-widget elementor-widget-image\" data-id=\"453807e\" data-element_type=\"widget\" data-widget_type=\"image.default\">\n\t\t\t\t<div class=\"elementor-widget-container\">\n\t\t\t\t\t<div class=\"elementor-image\">\n\t\t\t\t\t\t\t\t\t\t<img width=\"720\" height=\"685\" src=\"https:\/\/redemardecanasvieiras.qrhotel.com.br\/wp-content\/uploads\/2023\/09\/CANAS-IN2.png\" class=\"attachment-large size-large\" alt=\"\" loading=\"lazy\" srcset=\"https:\/\/redemardecanasvieiras.qrhotel.com.br\/wp-content\/uploads\/2023\/09\/CANAS-IN2.png 720w, https:\/\/redemardecanasvieiras.qrhotel.com.br\/wp-content\/uploads\/2023\/09\/CANAS-IN2-300x285.png 300w\" sizes=\"(max-width: 720px) 100vw, 720px\" style=\"width:100%;height:95.14%;max-width:720px;\" \/>\t\t\t\t\t\t\t\t\t\t\t<\/div>\n\t\t\t\t<\/div>\n\t\t\t\t<\/div>\n\t\t\t\t\t\t<\/div>\n\t\t\t\t\t<\/div>\n\t\t<\/div>\n\t\t\t\t<div class=\"elementor-column elementor-col-33 elementor-inner-column elementor-element elementor-element-7c4e2e0\" data-id=\"7c4e2e0\" data-element_type=\"column\">\n\t\t\t<div class=\"elementor-column-wrap\">\n\t\t\t\t\t\t\t<div class=\"elementor-widget-wrap\">\n\t\t\t\t\t\t\t\t<\/div>\n\t\t\t\t\t<\/div>\n\t\t<\/div>\n\t\t\t\t\t\t\t\t<\/div>\n\t\t\t\t\t<\/div>\n\t\t<\/section>\n\t\t\t\t<div class=\"elementor-element elementor-element-0baa126 elementor-hidden-tablet elementor-hidden-phone elementor-widget elementor-widget-heading\" data-id=\"0baa126\" data-element_type=\"widget\" data-widget_type=\"heading.default\">\n\t\t\t\t<div class=\"elementor-widget-container\">\n\t\t\t<h3 class=\"elementor-heading-title elementor-size-default\">Hotel Canasvieiras In<\/h3>\t\t<\/div>\n\t\t\t\t<\/div>\n\t\t\t\t<div class=\"elementor-element elementor-element-f733510 elementor-widget elementor-widget-text-editor\" data-id=\"f733510\" data-element_type=\"widget\" data-widget_type=\"text-editor.default\">\n\t\t\t\t<div class=\"elementor-widget-container\">\n\t\t\t\t\t<div class=\"elementor-text-editor elementor-clearfix\"><p><strong>INFORMA\u00c7\u00d5ES \u00daTEIS<\/strong><\/p><p style=\"text-align: left;\"><strong>Ramal da recep\u00e7\u00e3o:<\/strong> 9<\/p><p style=\"text-align: left;\"><span style=\"font-weight: bold;\">WhatsApp recep\u00e7\u00e3o:<\/span>\u00a0+55 (48) 99209-3156<\/p><p style=\"text-align: left;\"><strong>Wi-fi:\u00a0<\/strong><strong>Rede:<\/strong> Mar de Canasvieiras \/\u00a0<strong>Login:<\/strong>\u00a0hci\/\u00a0<strong>Senha:<\/strong>\u00a0internacional<\/p><\/div>\n\t\t\t\t<\/div>\n\t\t\t\t<\/div>\n\t\t\t\t<div class=\"elementor-element elementor-element-40797e6 elementor-align-left elementor-widget elementor-widget-button\" data-id=\"40797e6\" data-element_type=\"widget\" data-widget_type=\"button.default\">\n\t\t\t\t<div class=\"elementor-widget-container\">\n\t\t\t\t\t<div class=\"elementor-button-wrapper\">\n\t\t\t<a href=\"https:\/\/api.whatsapp.com\/send?phone=5548992093156\" class=\"elementor-button-link elementor-button elementor-size-sm\" role=\"button\">\n\t\t\t\t\t\t<span class=\"elementor-button-content-wrapper\">\n\t\t\t\t\t\t<span class=\"elementor-button-text\">WhatsApp<\/span>\n\t\t<\/span>\n\t\t\t\t\t<\/a>\n\t\t<\/div>\n\t\t\t\t<\/div>\n\t\t\t\t<\/div>\n\t\t\t\t<div class=\"elementor-element elementor-element-69370da elementor-align-left elementor-widget elementor-widget-button\" data-id=\"69370da\" data-element_type=\"widget\" data-widget_type=\"button.default\">\n\t\t\t\t<div class=\"elementor-widget-container\">\n\t\t\t\t\t<div class=\"elementor-button-wrapper\">\n\t\t\t<a href=\"https:\/\/surveys.myhotel.cl\/survey-public\/surveys-open\/1y2Nh8ifRNmbYONTUzJs4w?lang=pt\" class=\"elementor-button-link elementor-button elementor-size-sm\" role=\"button\">\n\t\t\t\t\t\t<span class=\"elementor-button-content-wrapper\">\n\t\t\t\t\t\t<span class=\"elementor-button-text\">COMO EST\u00c1 SENDO SUA ESTADIA?<\/span>\n\t\t<\/span>\n\t\t\t\t\t<\/a>\n\t\t<\/div>\n\t\t\t\t<\/div>\n\t\t\t\t<\/div>\n\t\t\t\t<div class=\"elementor-element elementor-element-10e9a3d elementor-widget elementor-widget-text-editor\" data-id=\"10e9a3d\" data-element_type=\"widget\" data-widget_type=\"text-editor.default\">\n\t\t\t\t<div class=\"elementor-widget-container\">\n\t\t\t\t\t<div class=\"elementor-text-editor elementor-clearfix\"><\/div>\n\t\t\t\t<\/div>\n\t\t\t\t<\/div>\n\t\t\t\t<div class=\"elementor-element elementor-element-6d6d711 elementor-widget elementor-widget-text-editor\" data-id=\"6d6d711\" data-element_type=\"widget\" data-widget_type=\"text-editor.default\">\n\t\t\t\t<div class=\"elementor-widget-container\">\n\t\t\t\t\t<div class=\"elementor-text-editor elementor-clearfix\"><p style=\"text-align: left;\"><strong>Frigobar:<\/strong> o abastecimento fica por conta da necessidade do h\u00f3spede! O hotel oferece uma m\u00e1quina autom\u00e1tica com diversos produtos localizada na recep\u00e7\u00e3o \u2013 os valores dos produtos est\u00e3o indicados na m\u00e1quina.<\/p>\n<p style=\"text-align: left;\">\n<\/p><p><strong style=\"background-color: var(--global--color-background); color: var(--global--color-primary); font-family: var(--global--font-secondary); font-size: var(--global--font-size-base);\">Voltagem:<\/strong><span style=\"background-color: var(--global--color-background); color: var(--global--color-primary); font-family: var(--global--font-secondary); font-size: var(--global--font-size-base);\"> 220V<\/span><\/p>\n<p><span style=\"background-color: var(--global--color-background); color: var(--global--color-primary); font-family: var(--global--font-secondary); font-size: var(--global--font-size-base);\">&nbsp;<\/span><\/p>\n<p style=\"text-align: left;\"><strong>Caf\u00e9 da manh\u00e3:<\/strong> das 07h \u00e0s 10h, localizado no t\u00e9rreo, pr\u00f3ximo \u00e0 recep\u00e7\u00e3o. &#8211; Sugerimos que os clientes procurem manter distanciamento entre as mesas e utilizem luvas e m\u00e1scara no momento de se servir.<\/p>\n<p style=\"text-align: left;\">\n<\/p><p><strong>Piscina:<\/strong> das 10h \u00e0s 22h, localizado no terra\u00e7o, 6o andar.<br>&#8211; \u00c9 proibido fumar nesse ambiente; <br>&#8211; Tamb\u00e9m n\u00e3o \u00e9 permitido caixa de som, consumir comida e bebida na piscina;<\/p>\n<p>&#8211; Aquecida na baixa temporada.&nbsp;<\/p>\n<p><\/p>\n<p><b>Academia: <\/b>das 8h \u00e0s 22h, localizado no 6o andar.<\/p>\n<p><\/p>\n<p><strong>Toalha piscina\/ praia:<\/strong> caso necessite, retirar na recep\u00e7\u00e3o, o valor do aluguel \u00e9 R$5,00 por toalha.<\/p>\n<p style=\"text-align: left;\"><strong><br>Coberta:<\/strong> caso necessite de mais, entrar em contato com a recep\u00e7\u00e3o.<\/p>\n<p style=\"text-align: left;\">\n<\/p><p><strong>Limpeza:<\/strong>&nbsp;a limpeza acontece dia sim e outro n\u00e3o.<br>&#8211; Em cada apartamento est\u00e1 sendo deixado 01 toalha por pessoa para utiliza\u00e7\u00e3o na unidade.<\/p>\n<p>&#8211; Se voc\u00ea deseja trocar as toalhas, favor deixar no ch\u00e3o.&nbsp;<\/p>\n<p>&#8211; N\u00e3o recomendamos o consumo de \u00e1gua da torneira!<\/p>\n<p><b><br><\/b><\/p>\n<p><b>Aten\u00e7\u00e3o:<\/b><\/p>\n<p>&#8211; N\u00e3o nos responsabilizamos pelos pertences deixados no apartamento.&nbsp;<\/p>\n<p>&#8211; Oferecemos cofre gratuito.<\/p>\n<p><br><\/p>\n<p><\/p>\n<p style=\"text-align: left;\"><strong>Qualquer d\u00favida \u00e9 s\u00f3 entrar em contato com a recep\u00e7\u00e3o!<\/strong><\/p>\n<p style=\"text-align: center;\">Ramal: 9 \u2013 portaria 24h<span style=\"color: var( --e-global-color-text ); font-family: var( --e-global-typography-text-font-family ), Sans-serif; font-weight: var( --e-global-typography-text-font-weight ); font-size: var(--global--font-size-base); text-align: left;\">a limpeza acontece dia sim e outro n\u00e3o.<\/span><\/p><\/div>\n\t\t\t\t<\/div>\n\t\t\t\t<\/div>\n\t\t\t\t<div class=\"elementor-element elementor-element-b34abe5 elementor-widget elementor-widget-spacer\" data-id=\"b34abe5\" data-element_type=\"widget\" data-widget_type=\"spacer.default\">\n\t\t\t\t<div class=\"elementor-widget-container\">\n\t\t\t\t\t<div class=\"elementor-spacer\">\n\t\t\t<div class=\"elementor-spacer-inner\"><\/div>\n\t\t<\/div>\n\t\t\t\t<\/div>\n\t\t\t\t<\/div>\n\t\t\t\t\t\t<\/div>\n\t\t\t\t\t<\/div>\n\t\t<\/div>\n\t\t\t\t\t\t\t\t<\/div>\n\t\t\t\t\t<\/div>\n\t\t<\/section>\n\t\t\t\t\t\t<\/div>\n\t\t\t\t\t\t<\/div>\n\t\t\t\t\t<\/div>\n\t\t","protected":false},"excerpt":{"rendered":"<p>Voltar para a p\u00e1gina anterior Hotel Canasvieiras In INFORMA\u00c7\u00d5ES \u00daTEIS Ramal da recep\u00e7\u00e3o: 9 WhatsApp recep\u00e7\u00e3o:\u00a0+55 (48) 99209-3156 Wi-fi:\u00a0Rede: Mar de Canasvieiras \/\u00a0Login:\u00a0hci\/\u00a0Senha:\u00a0internacional WhatsApp COMO EST\u00c1 SENDO SUA ESTADIA? Frigobar: o abastecimento fica por conta da necessidade do h\u00f3spede! O hotel oferece uma m\u00e1quina autom\u00e1tica com diversos produtos localizada na recep\u00e7\u00e3o \u2013 os valores dos&hellip; <a class=\"more-link\" href=\"https:\/\/redemardecanasvieiras.qrhotel.com.br\/index.php\/mdc-2\/\">Continuar lendo <span class=\"screen-reader-text\">HCI<\/span><\/a><\/p>\n","protected":false},"author":1,"featured_media":0,"parent":0,"menu_order":0,"comment_status":"closed","ping_status":"closed","template":"elementor_canvas","meta":[],"_links":{"self":[{"href":"https:\/\/redemardecanasvieiras.qrhotel.com.br\/index.php\/wp-json\/wp\/v2\/pages\/299"}],"collection":[{"href":"https:\/\/redemardecanasvieiras.qrhotel.com.br\/index.php\/wp-json\/wp\/v2\/pages"}],"about":[{"href":"https:\/\/redemardecanasvieiras.qrhotel.com.br\/index.php\/wp-json\/wp\/v2\/types\/page"}],"author":[{"embeddable":true,"href":"https:\/\/redemardecanasvieiras.qrhotel.com.br\/index.php\/wp-json\/wp\/v2\/users\/1"}],"replies":[{"embeddable":true,"href":"https:\/\/redemardecanasvieiras.qrhotel.com.br\/index.php\/wp-json\/wp\/v2\/comments?post=299"}],"version-history":[{"count":36,"href":"https:\/\/redemardecanasvieiras.qrhotel.com.br\/index.php\/wp-json\/wp\/v2\/pages\/299\/revisions"}],"predecessor-version":[{"id":506,"href":"https:\/\/redemardecanasvieiras.qrhotel.com.br\/index.php\/wp-json\/wp\/v2\/pages\/299\/revisions\/506"}],"wp:attachment":[{"href":"https:\/\/redemardecanasvieiras.qrhotel.com.br\/index.php\/wp-json\/wp\/v2\/media?parent=299"}],"curies":[{"name":"wp","href":"https:\/\/api.w.org\/{rel}","templated":true}]}}