{"id":267,"date":"2021-08-17T21:04:09","date_gmt":"2021-08-18T00:04:09","guid":{"rendered":"https:\/\/redemardecanasvieiras.qrhotel.com.br\/?page_id=267"},"modified":"2026-02-24T10:36:41","modified_gmt":"2026-02-24T13:36:41","slug":"duvidas-frequentes","status":"publish","type":"page","link":"https:\/\/redemardecanasvieiras.qrhotel.com.br\/index.php\/duvidas-frequentes\/","title":{"rendered":"D\u00favidas Frequentes"},"content":{"rendered":"\t\t<div data-elementor-type=\"wp-post\" data-elementor-id=\"267\" class=\"elementor elementor-267\" data-elementor-settings=\"[]\">\n\t\t\t\t\t\t<div class=\"elementor-inner\">\n\t\t\t\t\t\t\t<div class=\"elementor-section-wrap\">\n\t\t\t\t\t\t\t<section class=\"elementor-section elementor-top-section elementor-element elementor-element-8d76e6b elementor-section-boxed elementor-section-height-default elementor-section-height-default\" data-id=\"8d76e6b\" data-element_type=\"section\" data-settings=\"{&quot;background_background&quot;:&quot;classic&quot;}\">\n\t\t\t\t\t\t<div class=\"elementor-container elementor-column-gap-default\">\n\t\t\t\t\t\t\t<div class=\"elementor-row\">\n\t\t\t\t\t<div class=\"elementor-column elementor-col-33 elementor-top-column elementor-element elementor-element-384c200\" data-id=\"384c200\" data-element_type=\"column\">\n\t\t\t<div class=\"elementor-column-wrap\">\n\t\t\t\t\t\t\t<div class=\"elementor-widget-wrap\">\n\t\t\t\t\t\t\t\t<\/div>\n\t\t\t\t\t<\/div>\n\t\t<\/div>\n\t\t\t\t<div class=\"elementor-column elementor-col-33 elementor-top-column elementor-element elementor-element-9741b64\" data-id=\"9741b64\" data-element_type=\"column\">\n\t\t\t<div class=\"elementor-column-wrap elementor-element-populated\">\n\t\t\t\t\t\t\t<div class=\"elementor-widget-wrap\">\n\t\t\t\t\t\t<div class=\"elementor-element elementor-element-d4a3aaf elementor-widget elementor-widget-spacer\" data-id=\"d4a3aaf\" data-element_type=\"widget\" data-widget_type=\"spacer.default\">\n\t\t\t\t<div class=\"elementor-widget-container\">\n\t\t\t\t\t<div class=\"elementor-spacer\">\n\t\t\t<div class=\"elementor-spacer-inner\"><\/div>\n\t\t<\/div>\n\t\t\t\t<\/div>\n\t\t\t\t<\/div>\n\t\t\t\t<div class=\"elementor-element elementor-element-181b94b elementor-widget elementor-widget-image\" data-id=\"181b94b\" data-element_type=\"widget\" data-widget_type=\"image.default\">\n\t\t\t\t<div class=\"elementor-widget-container\">\n\t\t\t\t\t<div class=\"elementor-image\">\n\t\t\t\t\t\t\t\t\t\t<img width=\"750\" height=\"384\" src=\"https:\/\/redemardecanasvieiras.qrhotel.com.br\/wp-content\/uploads\/2021\/08\/logo-rede-mar-branca-768x393.png\" class=\"attachment-medium_large size-medium_large\" alt=\"\" loading=\"lazy\" srcset=\"https:\/\/redemardecanasvieiras.qrhotel.com.br\/wp-content\/uploads\/2021\/08\/logo-rede-mar-branca-768x393.png 768w, https:\/\/redemardecanasvieiras.qrhotel.com.br\/wp-content\/uploads\/2021\/08\/logo-rede-mar-branca-300x153.png 300w, https:\/\/redemardecanasvieiras.qrhotel.com.br\/wp-content\/uploads\/2021\/08\/logo-rede-mar-branca-1024x523.png 1024w, https:\/\/redemardecanasvieiras.qrhotel.com.br\/wp-content\/uploads\/2021\/08\/logo-rede-mar-branca-1536x785.png 1536w, https:\/\/redemardecanasvieiras.qrhotel.com.br\/wp-content\/uploads\/2021\/08\/logo-rede-mar-branca.png 1569w\" sizes=\"(max-width: 750px) 100vw, 750px\" style=\"width:100%;height:51.12%;max-width:1569px;\" \/>\t\t\t\t\t\t\t\t\t\t\t<\/div>\n\t\t\t\t<\/div>\n\t\t\t\t<\/div>\n\t\t\t\t<div class=\"elementor-element elementor-element-b5df6ef elementor-widget elementor-widget-spacer\" data-id=\"b5df6ef\" data-element_type=\"widget\" data-widget_type=\"spacer.default\">\n\t\t\t\t<div class=\"elementor-widget-container\">\n\t\t\t\t\t<div class=\"elementor-spacer\">\n\t\t\t<div class=\"elementor-spacer-inner\"><\/div>\n\t\t<\/div>\n\t\t\t\t<\/div>\n\t\t\t\t<\/div>\n\t\t\t\t\t\t<\/div>\n\t\t\t\t\t<\/div>\n\t\t<\/div>\n\t\t\t\t<div class=\"elementor-column elementor-col-33 elementor-top-column elementor-element elementor-element-d0607cf\" data-id=\"d0607cf\" data-element_type=\"column\">\n\t\t\t<div class=\"elementor-column-wrap\">\n\t\t\t\t\t\t\t<div class=\"elementor-widget-wrap\">\n\t\t\t\t\t\t\t\t<\/div>\n\t\t\t\t\t<\/div>\n\t\t<\/div>\n\t\t\t\t\t\t\t\t<\/div>\n\t\t\t\t\t<\/div>\n\t\t<\/section>\n\t\t\t\t<section class=\"elementor-section elementor-top-section elementor-element elementor-element-c66b231 elementor-section-boxed elementor-section-height-default elementor-section-height-default\" data-id=\"c66b231\" data-element_type=\"section\" data-settings=\"{&quot;background_background&quot;:&quot;classic&quot;}\">\n\t\t\t\t\t\t<div class=\"elementor-container elementor-column-gap-default\">\n\t\t\t\t\t\t\t<div class=\"elementor-row\">\n\t\t\t\t\t<div class=\"elementor-column elementor-col-100 elementor-top-column elementor-element elementor-element-483c844\" data-id=\"483c844\" data-element_type=\"column\" data-settings=\"{&quot;background_background&quot;:&quot;classic&quot;}\">\n\t\t\t<div class=\"elementor-column-wrap elementor-element-populated\">\n\t\t\t\t\t\t\t<div class=\"elementor-widget-wrap\">\n\t\t\t\t\t\t<div class=\"elementor-element elementor-element-fda216e elementor-widget elementor-widget-menu-anchor\" data-id=\"fda216e\" data-element_type=\"widget\" data-widget_type=\"menu-anchor.default\">\n\t\t\t\t<div class=\"elementor-widget-container\">\n\t\t\t\t\t<div id=\"faq\" class=\"elementor-menu-anchor\"><\/div>\n\t\t\t\t<\/div>\n\t\t\t\t<\/div>\n\t\t\t\t<div class=\"elementor-element elementor-element-0e239ba elementor-align-left elementor-widget elementor-widget-button\" data-id=\"0e239ba\" data-element_type=\"widget\" data-widget_type=\"button.default\">\n\t\t\t\t<div class=\"elementor-widget-container\">\n\t\t\t\t\t<div class=\"elementor-button-wrapper\">\n\t\t\t<a href=\"https:\/\/redemardecanasvieiras.qrhotel.com.br\/\" class=\"elementor-button-link elementor-button elementor-size-sm\" role=\"button\">\n\t\t\t\t\t\t<span class=\"elementor-button-content-wrapper\">\n\t\t\t\t\t\t<span class=\"elementor-button-text\">Voltar para a p\u00e1gina anterior<\/span>\n\t\t<\/span>\n\t\t\t\t\t<\/a>\n\t\t<\/div>\n\t\t\t\t<\/div>\n\t\t\t\t<\/div>\n\t\t\t\t<div class=\"elementor-element elementor-element-5374e3c elementor-widget-divider--view-line elementor-widget elementor-widget-divider\" data-id=\"5374e3c\" data-element_type=\"widget\" data-widget_type=\"divider.default\">\n\t\t\t\t<div class=\"elementor-widget-container\">\n\t\t\t\t\t<div class=\"elementor-divider\">\n\t\t\t<span class=\"elementor-divider-separator\">\n\t\t\t\t\t\t<\/span>\n\t\t<\/div>\n\t\t\t\t<\/div>\n\t\t\t\t<\/div>\n\t\t\t\t<div class=\"elementor-element elementor-element-82f1765 elementor-widget elementor-widget-heading\" data-id=\"82f1765\" data-element_type=\"widget\" data-widget_type=\"heading.default\">\n\t\t\t\t<div class=\"elementor-widget-container\">\n\t\t\t<h3 class=\"elementor-heading-title elementor-size-default\"><span style=\"font-weight: 400;\">D\u00favidas Frequentes<\/span><\/h3>\t\t<\/div>\n\t\t\t\t<\/div>\n\t\t\t\t<div class=\"elementor-element elementor-element-3dbdb1d elementor-widget elementor-widget-text-editor\" data-id=\"3dbdb1d\" data-element_type=\"widget\" data-widget_type=\"text-editor.default\">\n\t\t\t\t<div class=\"elementor-widget-container\">\n\t\t\t\t\t<div class=\"elementor-text-editor elementor-clearfix\"><div title=\"Page 5\">\n<div title=\"Page 6\">\n<div title=\"Page 8\">\n<div title=\"Page 9\">\n<div title=\"Page 14\">\n<div>\n<div>\n<div title=\"Page 15\">\n<div>\n<div>\n<p><strong>Como acender a luz do quarto? <\/strong>Para acender a luz do quarto basta inserir o cart\u00e3o de acesso no suporte a cima do interruptor.<\/p>\n<p><strong>Meu cart\u00e3o de acesso parou de funcionar, o que eu fa\u00e7o? <\/strong>Solicite uma recarga na recep\u00e7\u00e3o! Essa descarga geralmente acontece porque o cart\u00e3o fica perto do celular e fora da capinha, procure deixar o cart\u00e3o guardado na capinha e longe de aparelhos eletr\u00f4nicos. &nbsp;<\/p>\n<p><strong>Qual o endere\u00e7o do aeroporto? <\/strong>Rod. Acesso ao&nbsp;<em>Aeroporto<\/em>, n\u00ba 6.200. Bairro: Carianos. CEP: 88.047-902.<\/p>\n<p><strong>Qual a dist\u00e2ncia at\u00e9 o aeroporto? <\/strong>O aeroporto fica a 35km do Mar de Canasvieiras Hotel e Eventos, levando em m\u00e9dia 40min, considerando um tr\u00e2nsito habitual.<\/p>\n<p><strong>Com quanto tempo de anteced\u00eancia deve-se chegar no aeroporto? <\/strong>A recomenda\u00e7\u00e3o das companhias a\u00e9reas \u00e9 de chegar 2 horas antes do hor\u00e1rio marcado para o voo dom\u00e9stico e 3 horas se for internacional.<\/p>\n<p><strong>Qual o melhor meio de transporte para ir at\u00e9 o aeroporto? <\/strong>Depende da sua necessidade, os transportes variam em tempo, conforto e custo. \u00c9 poss\u00edvel se locomover at\u00e9 o aeroporto atrav\u00e9s de \u00f4nibus, t\u00e1xi, translado ou solicitar um carro por meio de aplicativo (ex.: uber ou 99). A ag\u00eancia South Travel oferece servi\u00e7o de translado.<\/p>\n<p><\/p>\n<p><a href=\"https:\/\/www.rome2rio.com\/pt\/s\/Aeroporto-Florianopolis-FLN\/Mar-de-Canasvieiras-Hotel-e-Eventos-Florian%C3%B3polis\">Clique e veja indica\u00e7\u00f5es de transportes<\/a>:<\/p>\n<p><\/p>\n<p><b>Late Checkout<\/b>:&nbsp;O check-out est\u00e1 previsto para \u00e0s 12h! Caso haja necessidade do h\u00f3spede ficar mais tempo no apartamento \u00e9 cobrado R$20,00 a hora, mediante disponibilidade.&nbsp;<span style=\"color: var( --e-global-color-text ); font-family: var( --e-global-typography-text-font-family ), Sans-serif; font-weight: var( --e-global-typography-text-font-weight ); font-size: var(--global--font-size-base);\">Ap\u00f3s a sa\u00edda do h\u00f3spede, o hotel oferece maleiro e uma ducha gratuita para o cliente que quiser aproveitar um pouco mais a cidade antes de retornar para casa. OBS:&nbsp;<\/span><span style=\"color: var( --e-global-color-text ); font-family: var( --e-global-typography-text-font-family ), Sans-serif; font-weight: var( --e-global-typography-text-font-weight ); font-size: var(--global--font-size-base);\">Todos os servi\u00e7os do hotel devem ser consultados na recep\u00e7\u00e3o!<\/span><\/p>\n<p><\/p>\n<\/div>\n<\/div>\n<\/div>\n<\/div>\n<\/div>\n<\/div>\n<\/div>\n<\/div>\n<\/div>\n<\/div><\/div>\n\t\t\t\t<\/div>\n\t\t\t\t<\/div>\n\t\t\t\t<div class=\"elementor-element elementor-element-c4e67cf elementor-widget elementor-widget-spacer\" data-id=\"c4e67cf\" data-element_type=\"widget\" data-widget_type=\"spacer.default\">\n\t\t\t\t<div class=\"elementor-widget-container\">\n\t\t\t\t\t<div class=\"elementor-spacer\">\n\t\t\t<div class=\"elementor-spacer-inner\"><\/div>\n\t\t<\/div>\n\t\t\t\t<\/div>\n\t\t\t\t<\/div>\n\t\t\t\t\t\t<\/div>\n\t\t\t\t\t<\/div>\n\t\t<\/div>\n\t\t\t\t\t\t\t\t<\/div>\n\t\t\t\t\t<\/div>\n\t\t<\/section>\n\t\t\t\t\t\t<\/div>\n\t\t\t\t\t\t<\/div>\n\t\t\t\t\t<\/div>\n\t\t","protected":false},"excerpt":{"rendered":"<p>Voltar para a p\u00e1gina anterior D\u00favidas Frequentes Como acender a luz do quarto? Para acender a luz do quarto basta inserir o cart\u00e3o de acesso no suporte a cima do interruptor. Meu cart\u00e3o de acesso parou de funcionar, o que eu fa\u00e7o? Solicite uma recarga na recep\u00e7\u00e3o! Essa descarga geralmente acontece porque o cart\u00e3o fica&hellip; <a class=\"more-link\" href=\"https:\/\/redemardecanasvieiras.qrhotel.com.br\/index.php\/duvidas-frequentes\/\">Continuar lendo <span class=\"screen-reader-text\">D\u00favidas Frequentes<\/span><\/a><\/p>\n","protected":false},"author":1,"featured_media":0,"parent":0,"menu_order":0,"comment_status":"closed","ping_status":"closed","template":"elementor_canvas","meta":[],"_links":{"self":[{"href":"https:\/\/redemardecanasvieiras.qrhotel.com.br\/index.php\/wp-json\/wp\/v2\/pages\/267"}],"collection":[{"href":"https:\/\/redemardecanasvieiras.qrhotel.com.br\/index.php\/wp-json\/wp\/v2\/pages"}],"about":[{"href":"https:\/\/redemardecanasvieiras.qrhotel.com.br\/index.php\/wp-json\/wp\/v2\/types\/page"}],"author":[{"embeddable":true,"href":"https:\/\/redemardecanasvieiras.qrhotel.com.br\/index.php\/wp-json\/wp\/v2\/users\/1"}],"replies":[{"embeddable":true,"href":"https:\/\/redemardecanasvieiras.qrhotel.com.br\/index.php\/wp-json\/wp\/v2\/comments?post=267"}],"version-history":[{"count":8,"href":"https:\/\/redemardecanasvieiras.qrhotel.com.br\/index.php\/wp-json\/wp\/v2\/pages\/267\/revisions"}],"predecessor-version":[{"id":587,"href":"https:\/\/redemardecanasvieiras.qrhotel.com.br\/index.php\/wp-json\/wp\/v2\/pages\/267\/revisions\/587"}],"wp:attachment":[{"href":"https:\/\/redemardecanasvieiras.qrhotel.com.br\/index.php\/wp-json\/wp\/v2\/media?parent=267"}],"curies":[{"name":"wp","href":"https:\/\/api.w.org\/{rel}","templated":true}]}}