{"id":264,"date":"2021-08-17T21:03:57","date_gmt":"2021-08-18T00:03:57","guid":{"rendered":"https:\/\/redemardecanasvieiras.qrhotel.com.br\/?page_id=264"},"modified":"2021-08-17T21:06:03","modified_gmt":"2021-08-18T00:06:03","slug":"servicos","status":"publish","type":"page","link":"https:\/\/redemardecanasvieiras.qrhotel.com.br\/index.php\/servicos\/","title":{"rendered":"Servi\u00e7os"},"content":{"rendered":"\t\t<div data-elementor-type=\"wp-post\" data-elementor-id=\"264\" class=\"elementor elementor-264\" data-elementor-settings=\"[]\">\n\t\t\t\t\t\t<div class=\"elementor-inner\">\n\t\t\t\t\t\t\t<div class=\"elementor-section-wrap\">\n\t\t\t\t\t\t\t<section class=\"elementor-section elementor-top-section elementor-element elementor-element-8d76e6b elementor-section-boxed elementor-section-height-default elementor-section-height-default\" data-id=\"8d76e6b\" data-element_type=\"section\" data-settings=\"{&quot;background_background&quot;:&quot;classic&quot;}\">\n\t\t\t\t\t\t<div class=\"elementor-container elementor-column-gap-default\">\n\t\t\t\t\t\t\t<div class=\"elementor-row\">\n\t\t\t\t\t<div class=\"elementor-column elementor-col-33 elementor-top-column elementor-element elementor-element-384c200\" data-id=\"384c200\" data-element_type=\"column\">\n\t\t\t<div class=\"elementor-column-wrap\">\n\t\t\t\t\t\t\t<div class=\"elementor-widget-wrap\">\n\t\t\t\t\t\t\t\t<\/div>\n\t\t\t\t\t<\/div>\n\t\t<\/div>\n\t\t\t\t<div class=\"elementor-column elementor-col-33 elementor-top-column elementor-element elementor-element-9741b64\" data-id=\"9741b64\" data-element_type=\"column\">\n\t\t\t<div class=\"elementor-column-wrap elementor-element-populated\">\n\t\t\t\t\t\t\t<div class=\"elementor-widget-wrap\">\n\t\t\t\t\t\t<div class=\"elementor-element elementor-element-d4a3aaf elementor-widget elementor-widget-spacer\" data-id=\"d4a3aaf\" data-element_type=\"widget\" data-widget_type=\"spacer.default\">\n\t\t\t\t<div class=\"elementor-widget-container\">\n\t\t\t\t\t<div class=\"elementor-spacer\">\n\t\t\t<div class=\"elementor-spacer-inner\"><\/div>\n\t\t<\/div>\n\t\t\t\t<\/div>\n\t\t\t\t<\/div>\n\t\t\t\t<div class=\"elementor-element elementor-element-181b94b elementor-widget elementor-widget-image\" data-id=\"181b94b\" data-element_type=\"widget\" data-widget_type=\"image.default\">\n\t\t\t\t<div class=\"elementor-widget-container\">\n\t\t\t\t\t<div class=\"elementor-image\">\n\t\t\t\t\t\t\t\t\t\t<img width=\"750\" height=\"384\" src=\"https:\/\/redemardecanasvieiras.qrhotel.com.br\/wp-content\/uploads\/2021\/08\/logo-rede-mar-branca-768x393.png\" class=\"attachment-medium_large size-medium_large\" alt=\"\" loading=\"lazy\" srcset=\"https:\/\/redemardecanasvieiras.qrhotel.com.br\/wp-content\/uploads\/2021\/08\/logo-rede-mar-branca-768x393.png 768w, https:\/\/redemardecanasvieiras.qrhotel.com.br\/wp-content\/uploads\/2021\/08\/logo-rede-mar-branca-300x153.png 300w, https:\/\/redemardecanasvieiras.qrhotel.com.br\/wp-content\/uploads\/2021\/08\/logo-rede-mar-branca-1024x523.png 1024w, https:\/\/redemardecanasvieiras.qrhotel.com.br\/wp-content\/uploads\/2021\/08\/logo-rede-mar-branca-1536x785.png 1536w, https:\/\/redemardecanasvieiras.qrhotel.com.br\/wp-content\/uploads\/2021\/08\/logo-rede-mar-branca.png 1569w\" sizes=\"(max-width: 750px) 100vw, 750px\" style=\"width:100%;height:51.12%;max-width:1569px;\" \/>\t\t\t\t\t\t\t\t\t\t\t<\/div>\n\t\t\t\t<\/div>\n\t\t\t\t<\/div>\n\t\t\t\t<div class=\"elementor-element elementor-element-b5df6ef elementor-widget elementor-widget-spacer\" data-id=\"b5df6ef\" data-element_type=\"widget\" data-widget_type=\"spacer.default\">\n\t\t\t\t<div class=\"elementor-widget-container\">\n\t\t\t\t\t<div class=\"elementor-spacer\">\n\t\t\t<div class=\"elementor-spacer-inner\"><\/div>\n\t\t<\/div>\n\t\t\t\t<\/div>\n\t\t\t\t<\/div>\n\t\t\t\t\t\t<\/div>\n\t\t\t\t\t<\/div>\n\t\t<\/div>\n\t\t\t\t<div class=\"elementor-column elementor-col-33 elementor-top-column elementor-element elementor-element-d0607cf\" data-id=\"d0607cf\" data-element_type=\"column\">\n\t\t\t<div class=\"elementor-column-wrap\">\n\t\t\t\t\t\t\t<div class=\"elementor-widget-wrap\">\n\t\t\t\t\t\t\t\t<\/div>\n\t\t\t\t\t<\/div>\n\t\t<\/div>\n\t\t\t\t\t\t\t\t<\/div>\n\t\t\t\t\t<\/div>\n\t\t<\/section>\n\t\t\t\t<section class=\"elementor-section elementor-top-section elementor-element elementor-element-5a756b2 elementor-section-boxed elementor-section-height-default elementor-section-height-default\" data-id=\"5a756b2\" data-element_type=\"section\" data-settings=\"{&quot;background_background&quot;:&quot;classic&quot;}\">\n\t\t\t\t\t\t<div class=\"elementor-container elementor-column-gap-default\">\n\t\t\t\t\t\t\t<div class=\"elementor-row\">\n\t\t\t\t\t<div class=\"elementor-column elementor-col-100 elementor-top-column elementor-element elementor-element-75a50d2\" data-id=\"75a50d2\" data-element_type=\"column\" data-settings=\"{&quot;background_background&quot;:&quot;classic&quot;}\">\n\t\t\t<div class=\"elementor-column-wrap elementor-element-populated\">\n\t\t\t\t\t\t\t<div class=\"elementor-widget-wrap\">\n\t\t\t\t\t\t<div class=\"elementor-element elementor-element-f4ec3bb elementor-widget elementor-widget-menu-anchor\" data-id=\"f4ec3bb\" data-element_type=\"widget\" data-widget_type=\"menu-anchor.default\">\n\t\t\t\t<div class=\"elementor-widget-container\">\n\t\t\t\t\t<div id=\"Services\" class=\"elementor-menu-anchor\"><\/div>\n\t\t\t\t<\/div>\n\t\t\t\t<\/div>\n\t\t\t\t<div class=\"elementor-element elementor-element-0e239ba elementor-align-left elementor-widget elementor-widget-button\" data-id=\"0e239ba\" data-element_type=\"widget\" data-widget_type=\"button.default\">\n\t\t\t\t<div class=\"elementor-widget-container\">\n\t\t\t\t\t<div class=\"elementor-button-wrapper\">\n\t\t\t<a href=\"https:\/\/redemardecanasvieiras.qrhotel.com.br\/\" class=\"elementor-button-link elementor-button elementor-size-sm\" role=\"button\">\n\t\t\t\t\t\t<span class=\"elementor-button-content-wrapper\">\n\t\t\t\t\t\t<span class=\"elementor-button-text\">Voltar para a p\u00e1gina anterior<\/span>\n\t\t<\/span>\n\t\t\t\t\t<\/a>\n\t\t<\/div>\n\t\t\t\t<\/div>\n\t\t\t\t<\/div>\n\t\t\t\t<div class=\"elementor-element elementor-element-0479290 elementor-widget-divider--view-line elementor-widget elementor-widget-divider\" data-id=\"0479290\" data-element_type=\"widget\" data-widget_type=\"divider.default\">\n\t\t\t\t<div class=\"elementor-widget-container\">\n\t\t\t\t\t<div class=\"elementor-divider\">\n\t\t\t<span class=\"elementor-divider-separator\">\n\t\t\t\t\t\t<\/span>\n\t\t<\/div>\n\t\t\t\t<\/div>\n\t\t\t\t<\/div>\n\t\t\t\t<div class=\"elementor-element elementor-element-4c6da77 elementor-widget elementor-widget-heading\" data-id=\"4c6da77\" data-element_type=\"widget\" data-widget_type=\"heading.default\">\n\t\t\t\t<div class=\"elementor-widget-container\">\n\t\t\t<h3 class=\"elementor-heading-title elementor-size-default\"><span style=\"font-weight: 400;\">Servi\u00e7os<\/span><\/h3>\t\t<\/div>\n\t\t\t\t<\/div>\n\t\t\t\t<div class=\"elementor-element elementor-element-11aa16b elementor-widget elementor-widget-text-editor\" data-id=\"11aa16b\" data-element_type=\"widget\" data-widget_type=\"text-editor.default\">\n\t\t\t\t<div class=\"elementor-widget-container\">\n\t\t\t\t\t<div class=\"elementor-text-editor elementor-clearfix\"><div title=\"Page 5\"><div title=\"Page 6\"><div title=\"Page 8\"><div title=\"Page 9\"><div class=\"page\" title=\"Page 14\"><div class=\"layoutArea\"><div class=\"column\"><p>O hotel na\u0303o se responsabiliza por qualquer contratempo que possa existir com o estabelecimento ou o pedido, esse e\u0301 apenas um canal de indicac\u0327a\u0303o, mas estamos disponi\u0301veis caso o ho\u0301spede precise de ajuda. Obrigada pela compreensa\u0303o! Estamos abertos a sugesto\u0303es para constante melhoria do servic\u0327o.<\/p><p>\u00a0<\/p><p><strong><br \/>FARM\u00c1CIAS<\/strong><\/p><p><b>Farmagnus:<\/b> 750m (9min a p\u00e9\/ 4min de carro)<br \/>Endere\u00e7o: Esquina Com &#8211; Rua Madre Maria Villac, Av. das Na\u00e7\u00f5es, 1359 &#8211; Canasvieiras, Florian\u00f3polis &#8211; SC, 88054-001<br \/>Tele-entrega: (48) 33642100\/ (48)988558978 (whats)<br \/>Consultar hor\u00e1rio de funcionamento<br \/><br \/><\/p><p><b>Agafarma<\/b>: 1,2km (15min a p\u00e9\/ 5min de carro)<br \/>Endere\u00e7o: Av. das Na\u00e7\u00f5es, 139 &#8211; Canasvieiras, Florian\u00f3polis &#8211; SC, 88054-010<br \/>Tele-entrega: (48) 32118005<br \/>Consultar hor\u00e1rio de funcionamento<br \/><br \/><br \/><\/p><p><b>LAVANDERIA:<\/b><br \/><b>Solaris: <\/b>800m (10min a p\u00e9\/ 3min de carro)<br \/>Endere\u00e7o: Esquina Com &#8211; Rua Madre Maria Villac, Av. das Na\u00e7\u00f5es, 1359 &#8211; Canasvieiras, Florian\u00f3polis &#8211; SC, 88054-001<br \/>Tele-entrega: (48) 33074296\/ (48)988369974 (whats)<br \/>Consultar hor\u00e1rio de funcionamento<\/p><p><b>\u00a0<\/b><\/p><p><b>SUPERMERCADO:<\/b><\/p><p><b>Supermercado Imperatriz: <\/b>1,1km (14min a p\u00e9\/ 3min de carro)<br \/>Endere\u00e7o: Av. das Na\u00e7\u00f5es, 192 &#8211; Canasvieiras, Florian\u00f3polis &#8211; SC, 88054-010<\/p><p>\u00a0<\/p><p><b>Supermercado Magia: <\/b>850m (11min a p\u00e9\/ 3min de carro)<br \/>Endere\u00e7o: Av. das Na\u00e7\u00f5es, 510 &#8211; Canasvieiras, Florian\u00f3polis &#8211; SC, 88054-010<\/p><p>\u00a0<\/p><p><b>Mercado dos Amigos<\/b>: 250m (3min a p\u00e9)<br \/>Endere\u00e7o: R. Ant\u00f4nio Heil, 258 &#8211; Canasvieiras, Florian\u00f3polis &#8211; SC, 88054-160<\/p><p>\u00a0<\/p><p><b>Quitanda da Ana:<\/b> 150m (2min a p\u00e9)<br \/>Endere\u00e7o: Canasvieiras, Florian\u00f3polis &#8211; SC, 88054-000<\/p><\/div><\/div><\/div><\/div><\/div><\/div><\/div><\/div>\n\t\t\t\t<\/div>\n\t\t\t\t<\/div>\n\t\t\t\t<div class=\"elementor-element elementor-element-aeaae7e elementor-widget elementor-widget-spacer\" data-id=\"aeaae7e\" data-element_type=\"widget\" data-widget_type=\"spacer.default\">\n\t\t\t\t<div class=\"elementor-widget-container\">\n\t\t\t\t\t<div class=\"elementor-spacer\">\n\t\t\t<div class=\"elementor-spacer-inner\"><\/div>\n\t\t<\/div>\n\t\t\t\t<\/div>\n\t\t\t\t<\/div>\n\t\t\t\t\t\t<\/div>\n\t\t\t\t\t<\/div>\n\t\t<\/div>\n\t\t\t\t\t\t\t\t<\/div>\n\t\t\t\t\t<\/div>\n\t\t<\/section>\n\t\t\t\t\t\t<\/div>\n\t\t\t\t\t\t<\/div>\n\t\t\t\t\t<\/div>\n\t\t","protected":false},"excerpt":{"rendered":"<p>Voltar para a p\u00e1gina anterior Servi\u00e7os O hotel na\u0303o se responsabiliza por qualquer contratempo que possa existir com o estabelecimento ou o pedido, esse e\u0301 apenas um canal de indicac\u0327a\u0303o, mas estamos disponi\u0301veis caso o ho\u0301spede precise de ajuda. Obrigada pela compreensa\u0303o! Estamos abertos a sugesto\u0303es para constante melhoria do servic\u0327o. \u00a0 FARM\u00c1CIAS Farmagnus: 750m&hellip; <a class=\"more-link\" href=\"https:\/\/redemardecanasvieiras.qrhotel.com.br\/index.php\/servicos\/\">Continuar lendo <span class=\"screen-reader-text\">Servi\u00e7os<\/span><\/a><\/p>\n","protected":false},"author":1,"featured_media":0,"parent":0,"menu_order":0,"comment_status":"closed","ping_status":"closed","template":"elementor_canvas","meta":[],"_links":{"self":[{"href":"https:\/\/redemardecanasvieiras.qrhotel.com.br\/index.php\/wp-json\/wp\/v2\/pages\/264"}],"collection":[{"href":"https:\/\/redemardecanasvieiras.qrhotel.com.br\/index.php\/wp-json\/wp\/v2\/pages"}],"about":[{"href":"https:\/\/redemardecanasvieiras.qrhotel.com.br\/index.php\/wp-json\/wp\/v2\/types\/page"}],"author":[{"embeddable":true,"href":"https:\/\/redemardecanasvieiras.qrhotel.com.br\/index.php\/wp-json\/wp\/v2\/users\/1"}],"replies":[{"embeddable":true,"href":"https:\/\/redemardecanasvieiras.qrhotel.com.br\/index.php\/wp-json\/wp\/v2\/comments?post=264"}],"version-history":[{"count":3,"href":"https:\/\/redemardecanasvieiras.qrhotel.com.br\/index.php\/wp-json\/wp\/v2\/pages\/264\/revisions"}],"predecessor-version":[{"id":278,"href":"https:\/\/redemardecanasvieiras.qrhotel.com.br\/index.php\/wp-json\/wp\/v2\/pages\/264\/revisions\/278"}],"wp:attachment":[{"href":"https:\/\/redemardecanasvieiras.qrhotel.com.br\/index.php\/wp-json\/wp\/v2\/media?parent=264"}],"curies":[{"name":"wp","href":"https:\/\/api.w.org\/{rel}","templated":true}]}}