{"id":263,"date":"2021-08-17T21:03:53","date_gmt":"2021-08-18T00:03:53","guid":{"rendered":"https:\/\/redemardecanasvieiras.qrhotel.com.br\/?page_id=263"},"modified":"2025-01-13T15:52:48","modified_gmt":"2025-01-13T18:52:48","slug":"compras","status":"publish","type":"page","link":"https:\/\/redemardecanasvieiras.qrhotel.com.br\/index.php\/compras\/","title":{"rendered":"Compras"},"content":{"rendered":"\t\t<div data-elementor-type=\"wp-post\" data-elementor-id=\"263\" class=\"elementor elementor-263\" data-elementor-settings=\"[]\">\n\t\t\t\t\t\t<div class=\"elementor-inner\">\n\t\t\t\t\t\t\t<div class=\"elementor-section-wrap\">\n\t\t\t\t\t\t\t<section class=\"elementor-section elementor-top-section elementor-element elementor-element-8d76e6b elementor-section-boxed elementor-section-height-default elementor-section-height-default\" data-id=\"8d76e6b\" data-element_type=\"section\" data-settings=\"{&quot;background_background&quot;:&quot;classic&quot;}\">\n\t\t\t\t\t\t<div class=\"elementor-container elementor-column-gap-default\">\n\t\t\t\t\t\t\t<div class=\"elementor-row\">\n\t\t\t\t\t<div class=\"elementor-column elementor-col-33 elementor-top-column elementor-element elementor-element-384c200\" data-id=\"384c200\" data-element_type=\"column\">\n\t\t\t<div class=\"elementor-column-wrap\">\n\t\t\t\t\t\t\t<div class=\"elementor-widget-wrap\">\n\t\t\t\t\t\t\t\t<\/div>\n\t\t\t\t\t<\/div>\n\t\t<\/div>\n\t\t\t\t<div class=\"elementor-column elementor-col-33 elementor-top-column elementor-element elementor-element-9741b64\" data-id=\"9741b64\" data-element_type=\"column\">\n\t\t\t<div class=\"elementor-column-wrap elementor-element-populated\">\n\t\t\t\t\t\t\t<div class=\"elementor-widget-wrap\">\n\t\t\t\t\t\t<div class=\"elementor-element elementor-element-d4a3aaf elementor-widget elementor-widget-spacer\" data-id=\"d4a3aaf\" data-element_type=\"widget\" data-widget_type=\"spacer.default\">\n\t\t\t\t<div class=\"elementor-widget-container\">\n\t\t\t\t\t<div class=\"elementor-spacer\">\n\t\t\t<div class=\"elementor-spacer-inner\"><\/div>\n\t\t<\/div>\n\t\t\t\t<\/div>\n\t\t\t\t<\/div>\n\t\t\t\t<div class=\"elementor-element elementor-element-181b94b elementor-widget elementor-widget-image\" data-id=\"181b94b\" data-element_type=\"widget\" data-widget_type=\"image.default\">\n\t\t\t\t<div class=\"elementor-widget-container\">\n\t\t\t\t\t<div class=\"elementor-image\">\n\t\t\t\t\t\t\t\t\t\t<img width=\"750\" height=\"384\" src=\"https:\/\/redemardecanasvieiras.qrhotel.com.br\/wp-content\/uploads\/2021\/08\/logo-rede-mar-branca-768x393.png\" class=\"attachment-medium_large size-medium_large\" alt=\"\" loading=\"lazy\" srcset=\"https:\/\/redemardecanasvieiras.qrhotel.com.br\/wp-content\/uploads\/2021\/08\/logo-rede-mar-branca-768x393.png 768w, https:\/\/redemardecanasvieiras.qrhotel.com.br\/wp-content\/uploads\/2021\/08\/logo-rede-mar-branca-300x153.png 300w, https:\/\/redemardecanasvieiras.qrhotel.com.br\/wp-content\/uploads\/2021\/08\/logo-rede-mar-branca-1024x523.png 1024w, https:\/\/redemardecanasvieiras.qrhotel.com.br\/wp-content\/uploads\/2021\/08\/logo-rede-mar-branca-1536x785.png 1536w, https:\/\/redemardecanasvieiras.qrhotel.com.br\/wp-content\/uploads\/2021\/08\/logo-rede-mar-branca.png 1569w\" sizes=\"(max-width: 750px) 100vw, 750px\" style=\"width:100%;height:51.12%;max-width:1569px;\" \/>\t\t\t\t\t\t\t\t\t\t\t<\/div>\n\t\t\t\t<\/div>\n\t\t\t\t<\/div>\n\t\t\t\t<div class=\"elementor-element elementor-element-b5df6ef elementor-widget elementor-widget-spacer\" data-id=\"b5df6ef\" data-element_type=\"widget\" data-widget_type=\"spacer.default\">\n\t\t\t\t<div class=\"elementor-widget-container\">\n\t\t\t\t\t<div class=\"elementor-spacer\">\n\t\t\t<div class=\"elementor-spacer-inner\"><\/div>\n\t\t<\/div>\n\t\t\t\t<\/div>\n\t\t\t\t<\/div>\n\t\t\t\t\t\t<\/div>\n\t\t\t\t\t<\/div>\n\t\t<\/div>\n\t\t\t\t<div class=\"elementor-column elementor-col-33 elementor-top-column elementor-element elementor-element-d0607cf\" data-id=\"d0607cf\" data-element_type=\"column\">\n\t\t\t<div class=\"elementor-column-wrap\">\n\t\t\t\t\t\t\t<div class=\"elementor-widget-wrap\">\n\t\t\t\t\t\t\t\t<\/div>\n\t\t\t\t\t<\/div>\n\t\t<\/div>\n\t\t\t\t\t\t\t\t<\/div>\n\t\t\t\t\t<\/div>\n\t\t<\/section>\n\t\t\t\t<section class=\"elementor-section elementor-top-section elementor-element elementor-element-6a60ee5 elementor-section-boxed elementor-section-height-default elementor-section-height-default\" data-id=\"6a60ee5\" data-element_type=\"section\" data-settings=\"{&quot;background_background&quot;:&quot;classic&quot;}\">\n\t\t\t\t\t\t<div class=\"elementor-container elementor-column-gap-default\">\n\t\t\t\t\t\t\t<div class=\"elementor-row\">\n\t\t\t\t\t<div class=\"elementor-column elementor-col-100 elementor-top-column elementor-element elementor-element-c83c371\" data-id=\"c83c371\" data-element_type=\"column\" data-settings=\"{&quot;background_background&quot;:&quot;classic&quot;}\">\n\t\t\t<div class=\"elementor-column-wrap elementor-element-populated\">\n\t\t\t\t\t\t\t<div class=\"elementor-widget-wrap\">\n\t\t\t\t\t\t<div class=\"elementor-element elementor-element-5eb5aff elementor-widget elementor-widget-menu-anchor\" data-id=\"5eb5aff\" data-element_type=\"widget\" data-widget_type=\"menu-anchor.default\">\n\t\t\t\t<div class=\"elementor-widget-container\">\n\t\t\t\t\t<div id=\"compras\" class=\"elementor-menu-anchor\"><\/div>\n\t\t\t\t<\/div>\n\t\t\t\t<\/div>\n\t\t\t\t<div class=\"elementor-element elementor-element-0e239ba elementor-align-left elementor-widget elementor-widget-button\" data-id=\"0e239ba\" data-element_type=\"widget\" data-widget_type=\"button.default\">\n\t\t\t\t<div class=\"elementor-widget-container\">\n\t\t\t\t\t<div class=\"elementor-button-wrapper\">\n\t\t\t<a href=\"https:\/\/redemardecanasvieiras.qrhotel.com.br\/\" class=\"elementor-button-link elementor-button elementor-size-sm\" role=\"button\">\n\t\t\t\t\t\t<span class=\"elementor-button-content-wrapper\">\n\t\t\t\t\t\t<span class=\"elementor-button-text\">Voltar para a p\u00e1gina anterior<\/span>\n\t\t<\/span>\n\t\t\t\t\t<\/a>\n\t\t<\/div>\n\t\t\t\t<\/div>\n\t\t\t\t<\/div>\n\t\t\t\t<div class=\"elementor-element elementor-element-50be0b8 elementor-widget-divider--view-line elementor-widget elementor-widget-divider\" data-id=\"50be0b8\" data-element_type=\"widget\" data-widget_type=\"divider.default\">\n\t\t\t\t<div class=\"elementor-widget-container\">\n\t\t\t\t\t<div class=\"elementor-divider\">\n\t\t\t<span class=\"elementor-divider-separator\">\n\t\t\t\t\t\t<\/span>\n\t\t<\/div>\n\t\t\t\t<\/div>\n\t\t\t\t<\/div>\n\t\t\t\t<div class=\"elementor-element elementor-element-43be849 elementor-widget elementor-widget-heading\" data-id=\"43be849\" data-element_type=\"widget\" data-widget_type=\"heading.default\">\n\t\t\t\t<div class=\"elementor-widget-container\">\n\t\t\t<h3 class=\"elementor-heading-title elementor-size-default\"><span style=\"font-weight: 400;\">Compras<\/span><\/h3>\t\t<\/div>\n\t\t\t\t<\/div>\n\t\t\t\t<div class=\"elementor-element elementor-element-0fa0083 elementor-widget elementor-widget-text-editor\" data-id=\"0fa0083\" data-element_type=\"widget\" data-widget_type=\"text-editor.default\">\n\t\t\t\t<div class=\"elementor-widget-container\">\n\t\t\t\t\t<div class=\"elementor-text-editor elementor-clearfix\"><div title=\"Page 5\"><div title=\"Page 6\"><div title=\"Page 8\"><div title=\"Page 9\"><div class=\"page\" title=\"Page 14\"><div class=\"layoutArea\"><div class=\"column\"><p><strong>Centro de Florian\u00f3polis:<\/strong> O centro de Florian\u00f3polis \u00e9 o bairro mais antigo da cidade, nele est\u00e1 concentrado in\u00fameros pontos tur\u00edsticos e as principais edifica\u00e7\u00f5es hist\u00f3ricas da capital de Santa Catarina. Conhecido tamb\u00e9m pelos seus cal\u00e7ad\u00f5es, com um forte com\u00e9rcio das lojas ao ar livre e servi\u00e7os diversos, o centro costuma ter seu maior movimento das 8h \u00e0s 17h, especialmente em dias de semana. Tamb\u00e9m se encontra no centro da cidade o Mercado P\u00fablico, sendo um movimentado local de com\u00e9rcio e um ponto de encontro para moradores e turistas, al\u00e9m de possuir uma variedade de bares e restaurantes com uma gastronomia t\u00edpica da regi\u00e3o.<\/p><p>\u00a0<\/p><p><strong>SHOPPING CENTERS<\/strong><\/p><p><strong>Floripa Shopping<\/strong>: \u00e9 o shopping center mais pr\u00f3ximo do hotel, localizado na SC- 401, o local conta com lojas variadas, estacionamento, pra\u00e7a de alimenta\u00e7\u00e3o e cinema.<br \/>Endere\u00e7o: SC-401, 3116 &#8211; Saco Grande, Florian\u00f3polis &#8211; SC, 88032-005<\/p><p>\u00a0<\/p><p><b>Beiramar Shopping: <\/b>conhecido por ser o shopping center mais tradicional de Florian\u00f3polis, fica localizado em um dos principais pontos da cidade, pr\u00f3ximo de diversos servi\u00e7os, al\u00e9m de oferecer lojas variadas, estacionamento, restaurantes, pra\u00e7a de alimenta\u00e7\u00e3o e cinema.<br \/>Endere\u00e7o: R. Bocai\u00fava, 2468 &#8211; Centro, Florian\u00f3polis &#8211; SC, 88015-902<\/p><p>\u00a0<\/p><p><b>Centrinho de Canasvieiras: <\/b>Assim como no centro de Florian\u00f3polis, no centrinho de Canasvieiras \u00e9 poss\u00edvel encontrar servi\u00e7os diversos (lojas, bares, restaurantes, artistas de rua), o bairro funciona como uma pequena cidade. As ruas do centrinho s\u00e3o pr\u00f3ximas, sendo uma \u00f3tima op\u00e7\u00e3o para passear a p\u00e9 ao ar livre, movimenta durante o dia e noite, principalmente no ver\u00e3o. Localizada \u00e0 apenas 7 quadras do hotel, levando em m\u00e9dia 15min a p\u00e9.<\/p><p>\u00a0<\/p><p>\u00a0<\/p><\/div><\/div><\/div><\/div><\/div><\/div><\/div><\/div>\n\t\t\t\t<\/div>\n\t\t\t\t<\/div>\n\t\t\t\t<section class=\"elementor-section elementor-inner-section elementor-element elementor-element-eae1a94 elementor-section-boxed elementor-section-height-default elementor-section-height-default\" data-id=\"eae1a94\" data-element_type=\"section\">\n\t\t\t\t\t\t<div class=\"elementor-container elementor-column-gap-default\">\n\t\t\t\t\t\t\t<div class=\"elementor-row\">\n\t\t\t\t\t<div class=\"elementor-column elementor-col-50 elementor-inner-column elementor-element elementor-element-f5f9902\" data-id=\"f5f9902\" data-element_type=\"column\">\n\t\t\t<div class=\"elementor-column-wrap elementor-element-populated\">\n\t\t\t\t\t\t\t<div class=\"elementor-widget-wrap\">\n\t\t\t\t\t\t<div class=\"elementor-element elementor-element-d8f0b38 elementor-widget elementor-widget-image\" data-id=\"d8f0b38\" data-element_type=\"widget\" data-widget_type=\"image.default\">\n\t\t\t\t<div class=\"elementor-widget-container\">\n\t\t\t\t\t<div class=\"elementor-image\">\n\t\t\t\t\t\t\t\t\t\t<img width=\"750\" height=\"309\" src=\"https:\/\/redemardecanasvieiras.qrhotel.com.br\/wp-content\/uploads\/2021\/08\/Gika-Moleka-Logotipo-Registro-Marca-768x316.jpg\" class=\"attachment-medium_large size-medium_large\" alt=\"\" loading=\"lazy\" srcset=\"https:\/\/redemardecanasvieiras.qrhotel.com.br\/wp-content\/uploads\/2021\/08\/Gika-Moleka-Logotipo-Registro-Marca-768x316.jpg 768w, https:\/\/redemardecanasvieiras.qrhotel.com.br\/wp-content\/uploads\/2021\/08\/Gika-Moleka-Logotipo-Registro-Marca-300x123.jpg 300w, https:\/\/redemardecanasvieiras.qrhotel.com.br\/wp-content\/uploads\/2021\/08\/Gika-Moleka-Logotipo-Registro-Marca.jpg 837w\" sizes=\"(max-width: 750px) 100vw, 750px\" style=\"width:100%;height:41.1%;max-width:837px;\" \/>\t\t\t\t\t\t\t\t\t\t\t<\/div>\n\t\t\t\t<\/div>\n\t\t\t\t<\/div>\n\t\t\t\t\t\t<\/div>\n\t\t\t\t\t<\/div>\n\t\t<\/div>\n\t\t\t\t<div class=\"elementor-column elementor-col-50 elementor-inner-column elementor-element elementor-element-55c022f\" data-id=\"55c022f\" data-element_type=\"column\">\n\t\t\t<div class=\"elementor-column-wrap elementor-element-populated\">\n\t\t\t\t\t\t\t<div class=\"elementor-widget-wrap\">\n\t\t\t\t\t\t<div class=\"elementor-element elementor-element-6f48fdc elementor-widget elementor-widget-text-editor\" data-id=\"6f48fdc\" data-element_type=\"widget\" data-widget_type=\"text-editor.default\">\n\t\t\t\t<div class=\"elementor-widget-container\">\n\t\t\t\t\t<div class=\"elementor-text-editor elementor-clearfix\"><div title=\"P\u00e1gina 5\">\n<div title=\"P\u00e1gina 6\">\n<div title=\"P\u00e1gina 8\">\n<div title=\"P\u00e1gina 9\">\n<div class=\"page\" title=\"P\u00e1gina 14\">\n<div class=\"layoutArea\">\n<div class=\"column\">\n<p><b style=\"color: var( --e-global-color-text ); font-family: var( --e-global-typography-text-font-family ), Sans-serif; font-size: var(--global--font-size-base);\"><font style=\"vertical-align: inherit;\"><font style=\"vertical-align: inherit;\">Gika Moleka: <\/font><\/font><\/b><span style=\"color: var( --e-global-color-text ); font-family: var( --e-global-typography-text-font-family ), Sans-serif; font-weight: var( --e-global-typography-text-font-weight ); font-size: var(--global--font-size-base);\"><font style=\"vertical-align: inherit;\"><font style=\"vertical-align: inherit;\">Lembran\u00e7a, presentes, artesanato e bazar.<\/font><\/font><\/span><\/p>\n<p><font style=\"vertical-align: inherit;\"><font style=\"vertical-align: inherit;\">Endere\u00e7o: localizado no Hotel Canasvieiras Internacional &#8211; R. Me. Maria Villac, 2020 \u2013 loja 09 \u2013 Canasvieiras, Florian\u00f3polis \u2013 SC, 88054-001 <\/font><\/font><br><font style=\"vertical-align: inherit;\"><font style=\"vertical-align: inherit;\">Telefone: (51) 99340-0761 <\/font><\/font><br><font style=\"vertical-align: inherit;\"><font style=\"vertical-align: inherit;\">Consultar hor\u00e1rio de funcionamento <\/font><\/font><br><br><\/p>\n<\/div>\n<\/div>\n<\/div>\n<\/div>\n<\/div>\n<\/div>\n<\/div><\/div>\n\t\t\t\t<\/div>\n\t\t\t\t<\/div>\n\t\t\t\t\t\t<\/div>\n\t\t\t\t\t<\/div>\n\t\t<\/div>\n\t\t\t\t\t\t\t\t<\/div>\n\t\t\t\t\t<\/div>\n\t\t<\/section>\n\t\t\t\t<div class=\"elementor-element elementor-element-649fbab elementor-widget elementor-widget-spacer\" data-id=\"649fbab\" data-element_type=\"widget\" data-widget_type=\"spacer.default\">\n\t\t\t\t<div class=\"elementor-widget-container\">\n\t\t\t\t\t<div class=\"elementor-spacer\">\n\t\t\t<div class=\"elementor-spacer-inner\"><\/div>\n\t\t<\/div>\n\t\t\t\t<\/div>\n\t\t\t\t<\/div>\n\t\t\t\t\t\t<\/div>\n\t\t\t\t\t<\/div>\n\t\t<\/div>\n\t\t\t\t\t\t\t\t<\/div>\n\t\t\t\t\t<\/div>\n\t\t<\/section>\n\t\t\t\t\t\t<\/div>\n\t\t\t\t\t\t<\/div>\n\t\t\t\t\t<\/div>\n\t\t","protected":false},"excerpt":{"rendered":"<p>Voltar para a p\u00e1gina anterior Compras Centro de Florian\u00f3polis: O centro de Florian\u00f3polis \u00e9 o bairro mais antigo da cidade, nele est\u00e1 concentrado in\u00fameros pontos tur\u00edsticos e as principais edifica\u00e7\u00f5es hist\u00f3ricas da capital de Santa Catarina. Conhecido tamb\u00e9m pelos seus cal\u00e7ad\u00f5es, com um forte com\u00e9rcio das lojas ao ar livre e servi\u00e7os diversos, o centro&hellip; <a class=\"more-link\" href=\"https:\/\/redemardecanasvieiras.qrhotel.com.br\/index.php\/compras\/\">Continuar lendo <span class=\"screen-reader-text\">Compras<\/span><\/a><\/p>\n","protected":false},"author":1,"featured_media":0,"parent":0,"menu_order":0,"comment_status":"closed","ping_status":"closed","template":"elementor_canvas","meta":[],"_links":{"self":[{"href":"https:\/\/redemardecanasvieiras.qrhotel.com.br\/index.php\/wp-json\/wp\/v2\/pages\/263"}],"collection":[{"href":"https:\/\/redemardecanasvieiras.qrhotel.com.br\/index.php\/wp-json\/wp\/v2\/pages"}],"about":[{"href":"https:\/\/redemardecanasvieiras.qrhotel.com.br\/index.php\/wp-json\/wp\/v2\/types\/page"}],"author":[{"embeddable":true,"href":"https:\/\/redemardecanasvieiras.qrhotel.com.br\/index.php\/wp-json\/wp\/v2\/users\/1"}],"replies":[{"embeddable":true,"href":"https:\/\/redemardecanasvieiras.qrhotel.com.br\/index.php\/wp-json\/wp\/v2\/comments?post=263"}],"version-history":[{"count":6,"href":"https:\/\/redemardecanasvieiras.qrhotel.com.br\/index.php\/wp-json\/wp\/v2\/pages\/263\/revisions"}],"predecessor-version":[{"id":525,"href":"https:\/\/redemardecanasvieiras.qrhotel.com.br\/index.php\/wp-json\/wp\/v2\/pages\/263\/revisions\/525"}],"wp:attachment":[{"href":"https:\/\/redemardecanasvieiras.qrhotel.com.br\/index.php\/wp-json\/wp\/v2\/media?parent=263"}],"curies":[{"name":"wp","href":"https:\/\/api.w.org\/{rel}","templated":true}]}}